{"id":2607,"date":"2023-03-16T11:46:49","date_gmt":"2023-03-16T11:46:49","guid":{"rendered":"https:\/\/firstframe.qodeinteractive.com\/?page_id=2607"},"modified":"2025-04-21T09:22:35","modified_gmt":"2025-04-21T06:22:35","slug":"contact-us","status":"publish","type":"page","link":"https:\/\/jaguarprojects.com\/index.php\/contact-us\/","title":{"rendered":"Contact Us"},"content":{"rendered":"\t\t<div data-elementor-type=\"wp-page\" data-elementor-id=\"2607\" class=\"elementor elementor-2607\">\n\t\t\t\t\n\t\t<section class=\"elementor-section elementor-top-section elementor-element elementor-element-06c36a0 elementor-section-full_width elementor-section-height-default elementor-section-height-default qodef-elementor-image-no\" data-id=\"06c36a0\" data-element_type=\"section\">\n\t\t\t\t\t\t<div class=\"elementor-container elementor-column-gap-default\">\n\t\t\t\t\t<div class=\"elementor-column elementor-col-100 elementor-top-column elementor-element elementor-element-9ecc3c9\" data-id=\"9ecc3c9\" data-element_type=\"column\">\n\t\t\t<div class=\"elementor-widget-wrap elementor-element-populated\">\n\t\t\t\t\n\t\t<div class=\"elementor-element elementor-element-2a6e627 elementor-widget elementor-widget-firstframe_core_google_map\" data-id=\"2a6e627\" data-element_type=\"widget\" data-widget_type=\"firstframe_core_google_map.default\">\n\t\t\t\t<div class=\"elementor-widget-container\">\n\t\t\t\t\t<div class=\"qodef-shortcode qodef-m  qodef-google-map\">\n\t<div class=\"qodef-m-map\" id=\"qodef-map-id--3\" data-addresses='[\"162 E End Rd, London N2 0TA, UK\"]' data-pin=https:\/\/jaguarprojects.com\/wp-content\/uploads\/2023\/05\/map-pin.png data-unique-id=3 data-height=600><\/div>\n<\/div>\n\t\t\t\t<\/div>\n\t\t\t\t<\/div>\n\t\t\t\t\t<\/div>\n\t\t<\/div>\n\t\t\t\t\t<\/div>\n\t\t<\/section>\n\t\t\t\t<section class=\"elementor-section elementor-top-section elementor-element elementor-element-3f27f7e elementor-section-full_width qodef-elementor-content-grid elementor-section-height-default elementor-section-height-default qodef-elementor-image-no\" data-id=\"3f27f7e\" data-element_type=\"section\">\n\t\t\t\t\t\t<div class=\"elementor-container elementor-column-gap-default\">\n\t\t\t\t\t<div class=\"elementor-column elementor-col-50 elementor-top-column elementor-element elementor-element-a17729b\" data-id=\"a17729b\" data-element_type=\"column\">\n\t\t\t<div class=\"elementor-widget-wrap elementor-element-populated\">\n\t\t\t\t\t\t<div class=\"elementor-element elementor-element-15a4b15 elementor-widget elementor-widget-firstframe_core_section_title\" data-id=\"15a4b15\" data-element_type=\"widget\" data-widget_type=\"firstframe_core_section_title.default\">\n\t\t\t\t<div class=\"elementor-widget-container\">\n\t\t\t\t\t<div class=\"qodef-shortcode qodef-m  qodef-section-title qodef-alignment--left \">\n\t\t<h3 class=\"qodef-m-title\" >\n\t\t\t\t\tProducers\t\t\t<\/h3>\n\t<\/div>\n\t\t\t\t<\/div>\n\t\t\t\t<\/div>\n\t\t\t\t<div class=\"elementor-element elementor-element-d87753c elementor-widget elementor-widget-text-editor\" data-id=\"d87753c\" data-element_type=\"widget\" data-widget_type=\"text-editor.default\">\n\t\t\t\t<div class=\"elementor-widget-container\">\n\t\t\t\t\t\t\t\t\t<p><strong>Tolga Top\u00e7u<\/strong><br \/>tolga.topcu@jaguarposta.com<br \/><strong>Ay\u015fe M\u00fcge \u00c7al\u0131\u015f<\/strong><br \/>muge.calis@jaguarposta.com<\/p><p><span class=\"phone\">+90 212 244 49 94<\/span><\/p><p><span id=\"footerPhone\" class=\"phone\">+90 212 244 49 90<\/span><\/p>\t\t\t\t\t\t\t\t<\/div>\n\t\t\t\t<\/div>\n\t\t\t\t<div class=\"elementor-element elementor-element-8b0334a e-grid-align-left elementor-shape-rounded elementor-grid-0 elementor-widget elementor-widget-social-icons\" data-id=\"8b0334a\" data-element_type=\"widget\" data-widget_type=\"social-icons.default\">\n\t\t\t\t<div class=\"elementor-widget-container\">\n\t\t\t\t\t\t\t<div class=\"elementor-social-icons-wrapper elementor-grid\">\n\t\t\t\t\t\t\t<span class=\"elementor-grid-item\">\n\t\t\t\t\t<a class=\"elementor-icon elementor-social-icon elementor-social-icon-instagram elementor-repeater-item-f642e54\" href=\"https:\/\/www.instagram.com\/jaguar_projects\/\" target=\"_blank\">\n\t\t\t\t\t\t<span class=\"elementor-screen-only\">Instagram<\/span>\n\t\t\t\t\t\t<svg class=\"e-font-icon-svg e-fab-instagram\" viewBox=\"0 0 448 512\" xmlns=\"http:\/\/www.w3.org\/2000\/svg\"><path d=\"M224.1 141c-63.6 0-114.9 51.3-114.9 114.9s51.3 114.9 114.9 114.9S339 319.5 339 255.9 287.7 141 224.1 141zm0 189.6c-41.1 0-74.7-33.5-74.7-74.7s33.5-74.7 74.7-74.7 74.7 33.5 74.7 74.7-33.6 74.7-74.7 74.7zm146.4-194.3c0 14.9-12 26.8-26.8 26.8-14.9 0-26.8-12-26.8-26.8s12-26.8 26.8-26.8 26.8 12 26.8 26.8zm76.1 27.2c-1.7-35.9-9.9-67.7-36.2-93.9-26.2-26.2-58-34.4-93.9-36.2-37-2.1-147.9-2.1-184.9 0-35.8 1.7-67.6 9.9-93.9 36.1s-34.4 58-36.2 93.9c-2.1 37-2.1 147.9 0 184.9 1.7 35.9 9.9 67.7 36.2 93.9s58 34.4 93.9 36.2c37 2.1 147.9 2.1 184.9 0 35.9-1.7 67.7-9.9 93.9-36.2 26.2-26.2 34.4-58 36.2-93.9 2.1-37 2.1-147.8 0-184.8zM398.8 388c-7.8 19.6-22.9 34.7-42.6 42.6-29.5 11.7-99.5 9-132.1 9s-102.7 2.6-132.1-9c-19.6-7.8-34.7-22.9-42.6-42.6-11.7-29.5-9-99.5-9-132.1s-2.6-102.7 9-132.1c7.8-19.6 22.9-34.7 42.6-42.6 29.5-11.7 99.5-9 132.1-9s102.7-2.6 132.1 9c19.6 7.8 34.7 22.9 42.6 42.6 11.7 29.5 9 99.5 9 132.1s2.7 102.7-9 132.1z\"><\/path><\/svg>\t\t\t\t\t<\/a>\n\t\t\t\t<\/span>\n\t\t\t\t\t\t\t<span class=\"elementor-grid-item\">\n\t\t\t\t\t<a class=\"elementor-icon elementor-social-icon elementor-social-icon-vimeo elementor-repeater-item-516ff02\" href=\"https:\/\/vimeo.com\/jaguarprojects\/\" target=\"_blank\">\n\t\t\t\t\t\t<span class=\"elementor-screen-only\">Vimeo<\/span>\n\t\t\t\t\t\t<svg class=\"e-font-icon-svg e-fab-vimeo\" viewBox=\"0 0 448 512\" xmlns=\"http:\/\/www.w3.org\/2000\/svg\"><path d=\"M403.2 32H44.8C20.1 32 0 52.1 0 76.8v358.4C0 459.9 20.1 480 44.8 480h358.4c24.7 0 44.8-20.1 44.8-44.8V76.8c0-24.7-20.1-44.8-44.8-44.8zM377 180.8c-1.4 31.5-23.4 74.7-66 129.4-44 57.2-81.3 85.8-111.7 85.8-18.9 0-34.8-17.4-47.9-52.3-25.5-93.3-36.4-148-57.4-148-2.4 0-10.9 5.1-25.4 15.2l-15.2-19.6c37.3-32.8 72.9-69.2 95.2-71.2 25.2-2.4 40.7 14.8 46.5 51.7 20.7 131.2 29.9 151 67.6 91.6 13.5-21.4 20.8-37.7 21.8-48.9 3.5-33.2-25.9-30.9-45.8-22.4 15.9-52.1 46.3-77.4 91.2-76 33.3.9 49 22.5 47.1 64.7z\"><\/path><\/svg>\t\t\t\t\t<\/a>\n\t\t\t\t<\/span>\n\t\t\t\t\t<\/div>\n\t\t\t\t\t\t<\/div>\n\t\t\t\t<\/div>\n\t\t\t\t\t<\/div>\n\t\t<\/div>\n\t\t\t\t<div class=\"elementor-column elementor-col-50 elementor-top-column elementor-element elementor-element-01d2bda\" data-id=\"01d2bda\" data-element_type=\"column\">\n\t\t\t<div class=\"elementor-widget-wrap elementor-element-populated\">\n\t\t\t\t\t\t<div class=\"elementor-element elementor-element-9457f29 elementor-widget elementor-widget-text-editor\" data-id=\"9457f29\" data-element_type=\"widget\" data-widget_type=\"text-editor.default\">\n\t\t\t\t<div class=\"elementor-widget-container\">\n\t\t\t\t\t\t\t\t\t<p><iframe style=\"border: 0;\" src=\"https:\/\/www.google.com\/maps\/embed?pb=!1m14!1m8!1m3!1d752.4181416326095!2d28.984803!3d41.032419!3m2!1i1024!2i768!4f13.1!3m3!1m2!1s0x14cab763078e1513%3A0xaa5e1c49cd8426d7!2sJAGUAR!5e0!3m2!1str!2sus!4v1742570332960!5m2!1str!2sus\" width=\"600\" height=\"450\" allowfullscreen=\"allowfullscreen\"><\/iframe><\/p>\t\t\t\t\t\t\t\t<\/div>\n\t\t\t\t<\/div>\n\t\t\t\t\t<\/div>\n\t\t<\/div>\n\t\t\t\t\t<\/div>\n\t\t<\/section>\n\t\t\t\t<\/div>\n\t\t","protected":false},"excerpt":{"rendered":"<p>Producers Tolga Top\u00e7utolga.topcu@jaguarposta.comAy\u015fe M\u00fcge \u00c7al\u0131\u015fmuge.calis@jaguarposta.com +90 212 244 49 94 +90 212 244 49 90 Instagram Vimeo<\/p>\n","protected":false},"author":1,"featured_media":0,"parent":0,"menu_order":0,"comment_status":"closed","ping_status":"closed","template":"page-full-width.php","meta":{"_uag_custom_page_level_css":"","footnotes":""},"class_list":["post-2607","page","type-page","status-publish","hentry"],"uagb_featured_image_src":{"full":false,"thumbnail":false,"medium":false,"medium_large":false,"large":false,"1536x1536":false,"2048x2048":false,"qi_addons_for_elementor_image_size_square":false,"qi_addons_for_elementor_image_size_landscape":false,"qi_addons_for_elementor_image_size_portrait":false,"qi_addons_for_elementor_image_size_huge-square":false,"firstframe_core_image_size_square":false,"firstframe_core_image_size_landscape":false,"firstframe_core_image_size_portrait":false,"firstframe_core_image_size_huge-square":false,"qi_blocks_image_size_square":false,"qi_blocks_image_size_landscape":false,"qi_blocks_image_size_portrait":false,"qi_blocks_image_size_huge_square":false},"uagb_author_info":{"display_name":"admin","author_link":"https:\/\/jaguarprojects.com\/index.php\/author\/admin\/"},"uagb_comment_info":0,"uagb_excerpt":"Producers Tolga Top\u00e7utolga.topcu@jaguarposta.comAy\u015fe M\u00fcge \u00c7al\u0131\u015fmuge.calis@jaguarposta.com +90 212 244 49 94 +90 212 244 49 90 Instagram Vimeo","_links":{"self":[{"href":"https:\/\/jaguarprojects.com\/index.php\/wp-json\/wp\/v2\/pages\/2607","targetHints":{"allow":["GET"]}}],"collection":[{"href":"https:\/\/jaguarprojects.com\/index.php\/wp-json\/wp\/v2\/pages"}],"about":[{"href":"https:\/\/jaguarprojects.com\/index.php\/wp-json\/wp\/v2\/types\/page"}],"author":[{"embeddable":true,"href":"https:\/\/jaguarprojects.com\/index.php\/wp-json\/wp\/v2\/users\/1"}],"replies":[{"embeddable":true,"href":"https:\/\/jaguarprojects.com\/index.php\/wp-json\/wp\/v2\/comments?post=2607"}],"version-history":[{"count":12,"href":"https:\/\/jaguarprojects.com\/index.php\/wp-json\/wp\/v2\/pages\/2607\/revisions"}],"predecessor-version":[{"id":7829,"href":"https:\/\/jaguarprojects.com\/index.php\/wp-json\/wp\/v2\/pages\/2607\/revisions\/7829"}],"wp:attachment":[{"href":"https:\/\/jaguarprojects.com\/index.php\/wp-json\/wp\/v2\/media?parent=2607"}],"curies":[{"name":"wp","href":"https:\/\/api.w.org\/{rel}","templated":true}]}}